{"id":435,"date":"2023-11-23T23:10:53","date_gmt":"2023-11-23T22:10:53","guid":{"rendered":"https:\/\/baronski-music.com\/?page_id=435"},"modified":"2023-12-07T18:06:38","modified_gmt":"2023-12-07T17:06:38","slug":"imprint","status":"publish","type":"page","link":"https:\/\/baronski-music.com\/en\/imprint\/","title":{"rendered":"Imprint"},"content":{"rendered":"\n<div style=\"height:20vh\" aria-hidden=\"true\" class=\"wp-block-spacer\"><\/div>\n\n\n\n<h2 class=\"wp-block-heading\" style=\"text-transform:uppercase\"><strong>Imprint<\/strong><\/h2>\n\n\n\n<p>Die Website <a href=\"https:\/\/baronski-music.com\/\">https:\/\/baronski-music.com\/<\/a> wird betrieben von:<\/p>\n\n\n\n<p>Aaron Schrade<br>Gereonstra\u00dfe 8<br>48145 M\u00fcnster<\/p>\n\n\n\n<p>E-Mail info@baronski-music.com<\/p>\n\n\n\n<p>Steuernummer<strong>:&nbsp;<\/strong><\/p>\n\n\n\n<p>337\/5245\/2060<\/p>\n\n\n\n<p><strong><br>Haftung f\u00fcr Inhalte<\/strong><\/p>\n\n\n\n<p>Die Inhalte unserer Seiten wurden mit gr\u00f6\u00dfter Sorgfalt erstellt. F\u00fcr die Richtigkeit, Vollst\u00e4ndigkeit und Aktualit\u00e4t der Inhalte k\u00f6nnen wir jedoch keine Gew\u00e4hr \u00fcbernehmen. Als Diensteanbieter sind wir gem\u00e4\u00df \u00a7 7 Abs.1 TMG f\u00fcr eigene Inhalte auf diesen Seiten nach den allgemeinen Gesetzen verantwortlich. Nach \u00a7\u00a7 8 bis 10 TMG sind wir als Diensteanbieter jedoch nicht verpflichtet, \u00fcbermittelte oder gespeicherte fremde Informationen zu \u00fcberwachen oder nach Umst\u00e4nden zu forschen, die auf eine rechtswidrige T\u00e4tigkeit hinweisen. Verpflichtungen zur Entfernung oder Sperrung der Nutzung von Informationen nach den allgemeinen Gesetzen bleiben hiervon unber\u00fchrt. Eine diesbez\u00fcgliche Haftung ist jedoch erst ab dem Zeitpunkt der Kenntnis einer konkreten Rechtsverletzung m\u00f6glich. Bei Bekanntwerden von entsprechenden Rechtsverletzungen werden wir diese Inhalte umgehend entfernen.<\/p>\n\n\n\n<p><em><a href=\"http:\/\/www.agb.de\">Gratis Impressum<\/a> von agb.de<\/em><\/p>\n\n\n\n<h3 class=\"wp-block-heading\">Beschwerdeverfahren<\/h3>\n\n\n<p>[gzd_complaints]<\/p>\n\n\n\n<p><\/p>\n","protected":false},"excerpt":{"rendered":"<p>Imprint Die Website https:\/\/baronski-music.com\/ wird betrieben von: Aaron SchradeGereonstra\u00dfe 848145 M\u00fcnster E-Mail info@baronski-music.com Steuernummer:&nbsp; 337\/5245\/2060 Haftung f\u00fcr Inhalte Die Inhalte unserer Seiten wurden mit gr\u00f6\u00dfter Sorgfalt erstellt. F\u00fcr die Richtigkeit, Vollst\u00e4ndigkeit und Aktualit\u00e4t der Inhalte k\u00f6nnen wir jedoch keine Gew\u00e4hr \u00fcbernehmen. Als Diensteanbieter sind wir gem\u00e4\u00df \u00a7 7 Abs.1 TMG f\u00fcr eigene Inhalte auf diesen&hellip; <a class=\"more-link\" href=\"https:\/\/baronski-music.com\/en\/imprint\/\">Continue reading <span class=\"screen-reader-text\">Imprint<\/span><\/a><\/p>\n","protected":false},"author":1,"featured_media":0,"parent":0,"menu_order":0,"comment_status":"closed","ping_status":"closed","template":"","meta":{"_acf_changed":false,"footnotes":""},"class_list":["post-435","page","type-page","status-publish","hentry","entry"],"acf":[],"yoast_head":"<!-- This site is optimized with the Yoast SEO plugin v23.0 - https:\/\/yoast.com\/wordpress\/plugins\/seo\/ -->\n<title>Imprint - BARONSKI<\/title>\n<meta name=\"robots\" content=\"index, follow, max-snippet:-1, max-image-preview:large, max-video-preview:-1\" \/>\n<link rel=\"canonical\" href=\"https:\/\/baronski-music.com\/imprint\/\" \/>\n<meta property=\"og:locale\" content=\"en_US\" \/>\n<meta property=\"og:type\" content=\"article\" \/>\n<meta property=\"og:title\" content=\"Imprint - BARONSKI\" \/>\n<meta property=\"og:description\" content=\"Imprint Die Website https:\/\/baronski-music.com\/ wird betrieben von: Aaron SchradeGereonstra\u00dfe 848145 M\u00fcnster E-Mail info@baronski-music.com Steuernummer:&nbsp; 337\/5245\/2060 Haftung f\u00fcr Inhalte Die Inhalte unserer Seiten wurden mit gr\u00f6\u00dfter Sorgfalt erstellt. F\u00fcr die Richtigkeit, Vollst\u00e4ndigkeit und Aktualit\u00e4t der Inhalte k\u00f6nnen wir jedoch keine Gew\u00e4hr \u00fcbernehmen. Als Diensteanbieter sind wir gem\u00e4\u00df \u00a7 7 Abs.1 TMG f\u00fcr eigene Inhalte auf diesen&hellip; Continue reading Imprint\" \/>\n<meta property=\"og:url\" content=\"https:\/\/baronski-music.com\/imprint\/\" \/>\n<meta property=\"og:site_name\" content=\"BARONSKI\" \/>\n<meta property=\"article:modified_time\" content=\"2023-12-07T17:06:38+00:00\" \/>\n<meta name=\"twitter:card\" content=\"summary_large_image\" \/>\n<meta name=\"twitter:label1\" content=\"Est. reading time\" \/>\n\t<meta name=\"twitter:data1\" content=\"1 minute\" \/>\n<script type=\"application\/ld+json\" class=\"yoast-schema-graph\">{\"@context\":\"https:\/\/schema.org\",\"@graph\":[{\"@type\":\"WebPage\",\"@id\":\"https:\/\/baronski-music.com\/imprint\/\",\"url\":\"https:\/\/baronski-music.com\/imprint\/\",\"name\":\"Imprint - BARONSKI\",\"isPartOf\":{\"@id\":\"https:\/\/baronski-music.com\/#website\"},\"datePublished\":\"2023-11-23T22:10:53+00:00\",\"dateModified\":\"2023-12-07T17:06:38+00:00\",\"breadcrumb\":{\"@id\":\"https:\/\/baronski-music.com\/imprint\/#breadcrumb\"},\"inLanguage\":\"en-US\",\"potentialAction\":[{\"@type\":\"ReadAction\",\"target\":[\"https:\/\/baronski-music.com\/imprint\/\"]}]},{\"@type\":\"BreadcrumbList\",\"@id\":\"https:\/\/baronski-music.com\/imprint\/#breadcrumb\",\"itemListElement\":[{\"@type\":\"ListItem\",\"position\":1,\"name\":\"Home\",\"item\":\"https:\/\/baronski-music.com\/\"},{\"@type\":\"ListItem\",\"position\":2,\"name\":\"Imprint\"}]},{\"@type\":\"WebSite\",\"@id\":\"https:\/\/baronski-music.com\/#website\",\"url\":\"https:\/\/baronski-music.com\/\",\"name\":\"BARONSKI\",\"description\":\"\",\"potentialAction\":[{\"@type\":\"SearchAction\",\"target\":{\"@type\":\"EntryPoint\",\"urlTemplate\":\"https:\/\/baronski-music.com\/?s={search_term_string}\"},\"query-input\":\"required name=search_term_string\"}],\"inLanguage\":\"en-US\"}]}<\/script>\n<!-- \/ Yoast SEO plugin. -->","yoast_head_json":{"title":"Imprint - BARONSKI","robots":{"index":"index","follow":"follow","max-snippet":"max-snippet:-1","max-image-preview":"max-image-preview:large","max-video-preview":"max-video-preview:-1"},"canonical":"https:\/\/baronski-music.com\/imprint\/","og_locale":"en_US","og_type":"article","og_title":"Imprint - BARONSKI","og_description":"Imprint Die Website https:\/\/baronski-music.com\/ wird betrieben von: Aaron SchradeGereonstra\u00dfe 848145 M\u00fcnster E-Mail info@baronski-music.com Steuernummer:&nbsp; 337\/5245\/2060 Haftung f\u00fcr Inhalte Die Inhalte unserer Seiten wurden mit gr\u00f6\u00dfter Sorgfalt erstellt. F\u00fcr die Richtigkeit, Vollst\u00e4ndigkeit und Aktualit\u00e4t der Inhalte k\u00f6nnen wir jedoch keine Gew\u00e4hr \u00fcbernehmen. Als Diensteanbieter sind wir gem\u00e4\u00df \u00a7 7 Abs.1 TMG f\u00fcr eigene Inhalte auf diesen&hellip; Continue reading Imprint","og_url":"https:\/\/baronski-music.com\/imprint\/","og_site_name":"BARONSKI","article_modified_time":"2023-12-07T17:06:38+00:00","twitter_card":"summary_large_image","twitter_misc":{"Est. reading time":"1 minute"},"schema":{"@context":"https:\/\/schema.org","@graph":[{"@type":"WebPage","@id":"https:\/\/baronski-music.com\/imprint\/","url":"https:\/\/baronski-music.com\/imprint\/","name":"Imprint - BARONSKI","isPartOf":{"@id":"https:\/\/baronski-music.com\/#website"},"datePublished":"2023-11-23T22:10:53+00:00","dateModified":"2023-12-07T17:06:38+00:00","breadcrumb":{"@id":"https:\/\/baronski-music.com\/imprint\/#breadcrumb"},"inLanguage":"en-US","potentialAction":[{"@type":"ReadAction","target":["https:\/\/baronski-music.com\/imprint\/"]}]},{"@type":"BreadcrumbList","@id":"https:\/\/baronski-music.com\/imprint\/#breadcrumb","itemListElement":[{"@type":"ListItem","position":1,"name":"Home","item":"https:\/\/baronski-music.com\/"},{"@type":"ListItem","position":2,"name":"Imprint"}]},{"@type":"WebSite","@id":"https:\/\/baronski-music.com\/#website","url":"https:\/\/baronski-music.com\/","name":"BARONSKI","description":"","potentialAction":[{"@type":"SearchAction","target":{"@type":"EntryPoint","urlTemplate":"https:\/\/baronski-music.com\/?s={search_term_string}"},"query-input":"required name=search_term_string"}],"inLanguage":"en-US"}]}},"_links":{"self":[{"href":"https:\/\/baronski-music.com\/en\/wp-json\/wp\/v2\/pages\/435","targetHints":{"allow":["GET"]}}],"collection":[{"href":"https:\/\/baronski-music.com\/en\/wp-json\/wp\/v2\/pages"}],"about":[{"href":"https:\/\/baronski-music.com\/en\/wp-json\/wp\/v2\/types\/page"}],"author":[{"embeddable":true,"href":"https:\/\/baronski-music.com\/en\/wp-json\/wp\/v2\/users\/1"}],"replies":[{"embeddable":true,"href":"https:\/\/baronski-music.com\/en\/wp-json\/wp\/v2\/comments?post=435"}],"version-history":[{"count":6,"href":"https:\/\/baronski-music.com\/en\/wp-json\/wp\/v2\/pages\/435\/revisions"}],"predecessor-version":[{"id":650,"href":"https:\/\/baronski-music.com\/en\/wp-json\/wp\/v2\/pages\/435\/revisions\/650"}],"wp:attachment":[{"href":"https:\/\/baronski-music.com\/en\/wp-json\/wp\/v2\/media?parent=435"}],"curies":[{"name":"wp","href":"https:\/\/api.w.org\/{rel}","templated":true}]}}